{"id":47,"date":"2024-03-29T00:16:36","date_gmt":"2024-03-28T23:16:36","guid":{"rendered":"https:\/\/www.publibox.fr\/?page_id=47"},"modified":"2024-04-01T20:30:23","modified_gmt":"2024-04-01T18:30:23","slug":"realisations-tendances-design-developpement-web","status":"publish","type":"page","link":"https:\/\/www.publibox.fr\/index.php\/realisations-tendances-design-developpement-web\/","title":{"rendered":"R\u00e9alisations"},"content":{"rendered":"<p>Explorez nos r\u00e9alisations de sites internet et d\u00e9couvrez comment nous avons aid\u00e9 nos clients \u00e0 concr\u00e9tiser leur vision en ligne. Notre \u00e9quipe talentueuse de concepteurs et d\u00e9veloppeurs web s&rsquo;efforce de cr\u00e9er des sites web uniques, esth\u00e9tiques et fonctionnels qui captivent les visiteurs et favorisent la croissance des entreprises.<\/p>\n<p>Chaque projet est con\u00e7u sur mesure pour r\u00e9pondre aux besoins sp\u00e9cifiques de nos clients, en int\u00e9grant les derni\u00e8res tendances en mati\u00e8re de design et de d\u00e9veloppement web. Que vous soyez une petite entreprise cherchant \u00e0 \u00e9tablir sa pr\u00e9sence en ligne ou une grande entreprise n\u00e9cessitant une refonte compl\u00e8te de votre site web, nous avons l&rsquo;expertise n\u00e9cessaire pour vous aider \u00e0 atteindre vos objectifs.<\/p>\n<p>Parcourez nos diff\u00e9rentes r\u00e9alisations pour d\u00e9couvrir des exemples de sites web dans divers secteurs d&rsquo;activit\u00e9, tels que le commerce \u00e9lectronique, l&rsquo;h\u00f4tellerie, les services professionnels, et bien plus encore. Chaque site est optimis\u00e9 pour les moteurs de recherche, assurant une visibilit\u00e9 maximale sur les r\u00e9sultats de recherche et attirant un trafic qualifi\u00e9.<\/p>\n<p>En choisissant notre agence pour la cr\u00e9ation de votre site internet, vous b\u00e9n\u00e9ficiez d&rsquo;une approche personnalis\u00e9e, d&rsquo;une qualit\u00e9 de travail irr\u00e9prochable et d&rsquo;un service client exceptionnel. Contactez-nous d\u00e8s aujourd&rsquo;hui pour discuter de votre projet et commencer \u00e0 transformer votre pr\u00e9sence en ligne en une v\u00e9ritable r\u00e9ussite.<\/p>\n<figure><a href=\"https:\/\/coursbordeauxmaths.fr\"><br \/>\n<img data-recalc-dims=\"1\" fetchpriority=\"high\" decoding=\"async\" class=\"aligncenter\" src=\"https:\/\/i0.wp.com\/www.publibox.fr\/wp-content\/uploads\/2024\/03\/Screenshot-2024-03-29-at-00-16-33-Bordeaux-Maths.png?resize=600%2C331&#038;ssl=1\" sizes=\"(max-width: 600px) 100vw, 600px\" srcset=\"https:\/\/www.publibox.fr\/wp-content\/uploads\/2024\/03\/Screenshot-2024-03-29-at-00-16-33-Bordeaux-Maths-600x331.png 600w, https:\/\/www.publibox.fr\/wp-content\/uploads\/2024\/03\/Screenshot-2024-03-29-at-00-16-33-Bordeaux-Maths-300x165.png 300w, https:\/\/www.publibox.fr\/wp-content\/uploads\/2024\/03\/Screenshot-2024-03-29-at-00-16-33-Bordeaux-Maths-1024x565.png 1024w, https:\/\/www.publibox.fr\/wp-content\/uploads\/2024\/03\/Screenshot-2024-03-29-at-00-16-33-Bordeaux-Maths-768x423.png 768w, https:\/\/www.publibox.fr\/wp-content\/uploads\/2024\/03\/Screenshot-2024-03-29-at-00-16-33-Bordeaux-Maths-1536x847.png 1536w, https:\/\/www.publibox.fr\/wp-content\/uploads\/2024\/03\/Screenshot-2024-03-29-at-00-16-33-Bordeaux-Maths-100x55.png 100w, https:\/\/www.publibox.fr\/wp-content\/uploads\/2024\/03\/Screenshot-2024-03-29-at-00-16-33-Bordeaux-Maths-150x83.png 150w, https:\/\/www.publibox.fr\/wp-content\/uploads\/2024\/03\/Screenshot-2024-03-29-at-00-16-33-Bordeaux-Maths-200x110.png 200w, https:\/\/www.publibox.fr\/wp-content\/uploads\/2024\/03\/Screenshot-2024-03-29-at-00-16-33-Bordeaux-Maths-450x248.png 450w, https:\/\/www.publibox.fr\/wp-content\/uploads\/2024\/03\/Screenshot-2024-03-29-at-00-16-33-Bordeaux-Maths-900x496.png 900w, https:\/\/www.publibox.fr\/wp-content\/uploads\/2024\/03\/Screenshot-2024-03-29-at-00-16-33-Bordeaux-Maths.png 1585w\" alt=\"www.bordeauxmaths.fr\" width=\"600\" height=\"331\" \/> <\/a><figcaption>https:\/\/coursbordeauxmaths.fr<\/figcaption><\/figure>\n<figure><a href=\"https:\/\/arcvc.wordpress.com\"><br \/>\n<\/a><a href=\"https:\/\/arcvc.wordpress.com\"><img data-recalc-dims=\"1\" decoding=\"async\" class=\"aligncenter\" src=\"https:\/\/i0.wp.com\/www.publibox.fr\/wp-content\/uploads\/2024\/03\/Screenshot-2024-03-28-at-23-43-13-Association-pour-la-Restauration-et-la-Conservation-de-Vehicule-de-Collection.png?resize=600%2C332&#038;ssl=1\" sizes=\"(max-width: 600px) 100vw, 600px\" srcset=\"https:\/\/www.publibox.fr\/wp-content\/uploads\/2024\/03\/Screenshot-2024-03-28-at-23-43-13-Association-pour-la-Restauration-et-la-Conservation-de-Vehicule-de-Collection-600x332.png 600w, https:\/\/www.publibox.fr\/wp-content\/uploads\/2024\/03\/Screenshot-2024-03-28-at-23-43-13-Association-pour-la-Restauration-et-la-Conservation-de-Vehicule-de-Collection-300x166.png 300w, https:\/\/www.publibox.fr\/wp-content\/uploads\/2024\/03\/Screenshot-2024-03-28-at-23-43-13-Association-pour-la-Restauration-et-la-Conservation-de-Vehicule-de-Collection-1024x566.png 1024w, https:\/\/www.publibox.fr\/wp-content\/uploads\/2024\/03\/Screenshot-2024-03-28-at-23-43-13-Association-pour-la-Restauration-et-la-Conservation-de-Vehicule-de-Collection-768x425.png 768w, https:\/\/www.publibox.fr\/wp-content\/uploads\/2024\/03\/Screenshot-2024-03-28-at-23-43-13-Association-pour-la-Restauration-et-la-Conservation-de-Vehicule-de-Collection-1536x850.png 1536w, https:\/\/www.publibox.fr\/wp-content\/uploads\/2024\/03\/Screenshot-2024-03-28-at-23-43-13-Association-pour-la-Restauration-et-la-Conservation-de-Vehicule-de-Collection-100x55.png 100w, https:\/\/www.publibox.fr\/wp-content\/uploads\/2024\/03\/Screenshot-2024-03-28-at-23-43-13-Association-pour-la-Restauration-et-la-Conservation-de-Vehicule-de-Collection-150x83.png 150w, https:\/\/www.publibox.fr\/wp-content\/uploads\/2024\/03\/Screenshot-2024-03-28-at-23-43-13-Association-pour-la-Restauration-et-la-Conservation-de-Vehicule-de-Collection-200x111.png 200w, https:\/\/www.publibox.fr\/wp-content\/uploads\/2024\/03\/Screenshot-2024-03-28-at-23-43-13-Association-pour-la-Restauration-et-la-Conservation-de-Vehicule-de-Collection-450x249.png 450w, https:\/\/www.publibox.fr\/wp-content\/uploads\/2024\/03\/Screenshot-2024-03-28-at-23-43-13-Association-pour-la-Restauration-et-la-Conservation-de-Vehicule-de-Collection-900x498.png 900w, https:\/\/www.publibox.fr\/wp-content\/uploads\/2024\/03\/Screenshot-2024-03-28-at-23-43-13-Association-pour-la-Restauration-et-la-Conservation-de-Vehicule-de-Collection.png 1580w\" alt=\"ARCVC\" width=\"600\" height=\"332\" \/><\/a><figcaption>https:\/\/arcvc.wordpress.com<\/figcaption><\/figure>\n<figure><a href=\"https:\/\/baueretfils.com\"><br \/>\n<img data-recalc-dims=\"1\" decoding=\"async\" class=\"aligncenter\" src=\"https:\/\/i0.wp.com\/www.publibox.fr\/wp-content\/uploads\/2024\/03\/Screenshot-2024-03-29-at-00-13-14-BAUER-ET-FILS-entreprise-de-couverture-a-EYSINES-600x331.png?resize=600%2C331&#038;ssl=1\" sizes=\"(max-width: 600px) 100vw, 600px\" srcset=\"https:\/\/www.publibox.fr\/wp-content\/uploads\/2024\/03\/Screenshot-2024-03-29-at-00-13-14-BAUER-ET-FILS-entreprise-de-couverture-a-EYSINES-600x331.png 600w, https:\/\/www.publibox.fr\/wp-content\/uploads\/2024\/03\/Screenshot-2024-03-29-at-00-13-14-BAUER-ET-FILS-entreprise-de-couverture-a-EYSINES-300x165.png 300w, https:\/\/www.publibox.fr\/wp-content\/uploads\/2024\/03\/Screenshot-2024-03-29-at-00-13-14-BAUER-ET-FILS-entreprise-de-couverture-a-EYSINES-1024x565.png 1024w, https:\/\/www.publibox.fr\/wp-content\/uploads\/2024\/03\/Screenshot-2024-03-29-at-00-13-14-BAUER-ET-FILS-entreprise-de-couverture-a-EYSINES-768x423.png 768w, https:\/\/www.publibox.fr\/wp-content\/uploads\/2024\/03\/Screenshot-2024-03-29-at-00-13-14-BAUER-ET-FILS-entreprise-de-couverture-a-EYSINES-1536x847.png 1536w, https:\/\/www.publibox.fr\/wp-content\/uploads\/2024\/03\/Screenshot-2024-03-29-at-00-13-14-BAUER-ET-FILS-entreprise-de-couverture-a-EYSINES-100x55.png 100w, https:\/\/www.publibox.fr\/wp-content\/uploads\/2024\/03\/Screenshot-2024-03-29-at-00-13-14-BAUER-ET-FILS-entreprise-de-couverture-a-EYSINES-150x83.png 150w, https:\/\/www.publibox.fr\/wp-content\/uploads\/2024\/03\/Screenshot-2024-03-29-at-00-13-14-BAUER-ET-FILS-entreprise-de-couverture-a-EYSINES-200x110.png 200w, https:\/\/www.publibox.fr\/wp-content\/uploads\/2024\/03\/Screenshot-2024-03-29-at-00-13-14-BAUER-ET-FILS-entreprise-de-couverture-a-EYSINES-450x248.png 450w, https:\/\/www.publibox.fr\/wp-content\/uploads\/2024\/03\/Screenshot-2024-03-29-at-00-13-14-BAUER-ET-FILS-entreprise-de-couverture-a-EYSINES-900x496.png 900w, https:\/\/www.publibox.fr\/wp-content\/uploads\/2024\/03\/Screenshot-2024-03-29-at-00-13-14-BAUER-ET-FILS-entreprise-de-couverture-a-EYSINES.png 1585w\" alt=\"Bauer et fils\" width=\"600\" height=\"331\" \/> <\/a><figcaption>https:\/\/baueretfils.com<\/figcaption><\/figure>\n<figure><a href=\"https:\/\/vidangevoiture.wordpress.com\/\"><br \/>\n<img data-recalc-dims=\"1\" loading=\"lazy\" decoding=\"async\" class=\"aligncenter\" src=\"https:\/\/i0.wp.com\/www.publibox.fr\/wp-content\/uploads\/2024\/03\/Screenshot-2024-03-28-at-23-53-14-Vidange-voiture-1.png?resize=600%2C332&#038;ssl=1\" sizes=\"(max-width: 600px) 100vw, 600px\" srcset=\"https:\/\/www.publibox.fr\/wp-content\/uploads\/2024\/03\/Screenshot-2024-03-28-at-23-53-14-Vidange-voiture-1-600x332.png 600w, https:\/\/www.publibox.fr\/wp-content\/uploads\/2024\/03\/Screenshot-2024-03-28-at-23-53-14-Vidange-voiture-1-300x166.png 300w, https:\/\/www.publibox.fr\/wp-content\/uploads\/2024\/03\/Screenshot-2024-03-28-at-23-53-14-Vidange-voiture-1-1024x566.png 1024w, https:\/\/www.publibox.fr\/wp-content\/uploads\/2024\/03\/Screenshot-2024-03-28-at-23-53-14-Vidange-voiture-1-768x425.png 768w, https:\/\/www.publibox.fr\/wp-content\/uploads\/2024\/03\/Screenshot-2024-03-28-at-23-53-14-Vidange-voiture-1-1536x850.png 1536w, https:\/\/www.publibox.fr\/wp-content\/uploads\/2024\/03\/Screenshot-2024-03-28-at-23-53-14-Vidange-voiture-1-100x55.png 100w, https:\/\/www.publibox.fr\/wp-content\/uploads\/2024\/03\/Screenshot-2024-03-28-at-23-53-14-Vidange-voiture-1-150x83.png 150w, https:\/\/www.publibox.fr\/wp-content\/uploads\/2024\/03\/Screenshot-2024-03-28-at-23-53-14-Vidange-voiture-1-200x111.png 200w, https:\/\/www.publibox.fr\/wp-content\/uploads\/2024\/03\/Screenshot-2024-03-28-at-23-53-14-Vidange-voiture-1-450x249.png 450w, https:\/\/www.publibox.fr\/wp-content\/uploads\/2024\/03\/Screenshot-2024-03-28-at-23-53-14-Vidange-voiture-1-900x498.png 900w, https:\/\/www.publibox.fr\/wp-content\/uploads\/2024\/03\/Screenshot-2024-03-28-at-23-53-14-Vidange-voiture-1.png 1580w\" alt=\"Vidange voiture\" width=\"600\" height=\"332\" \/> <\/a><figcaption>https:\/\/vidangevoiture.wordpress.com<\/figcaption><\/figure>\n","protected":false},"excerpt":{"rendered":"<p>Explorez nos r\u00e9alisations de sites internet et d\u00e9couvrez comment nous avons aid\u00e9 nos clients \u00e0 concr\u00e9tiser leur vision en ligne. Notre \u00e9quipe talentueuse de concepteurs et d\u00e9veloppeurs web s&rsquo;efforce de cr\u00e9er des sites web uniques, esth\u00e9tiques et fonctionnels qui captivent &hellip;<\/p>\n<p class=\"read-more\"> <a class=\"more-link\" href=\"https:\/\/www.publibox.fr\/index.php\/realisations-tendances-design-developpement-web\/\"> <span class=\"screen-reader-text\">R\u00e9alisations<\/span> Read More &raquo;<\/a><\/p>\n","protected":false},"author":1,"featured_media":0,"parent":0,"menu_order":0,"comment_status":"closed","ping_status":"closed","template":"full-width-page.php","meta":{"footnotes":""},"class_list":["post-47","page","type-page","status-publish","hentry"],"yoast_head":"<!-- This site is optimized with the Yoast SEO plugin v27.3 - https:\/\/yoast.com\/product\/yoast-seo-wordpress\/ -->\n<title>R\u00e9alisations - Publibox<\/title>\n<meta name=\"description\" content=\"D\u00e9couvrez les derni\u00e8res tendances en design et d\u00e9veloppement web avec notre agence experte. Parcourez nos r\u00e9alisations dans divers secteurs pour des sites web optimis\u00e9s pour les moteurs de recherche et attirant un trafic qualifi\u00e9. Obtenez une approche personnalis\u00e9e et une qualit\u00e9 exceptionnelle pour la cr\u00e9ation de votre site internet.\" \/>\n<meta name=\"robots\" content=\"index, follow, max-snippet:-1, max-image-preview:large, max-video-preview:-1\" \/>\n<link rel=\"canonical\" href=\"https:\/\/www.publibox.fr\/index.php\/realisations-tendances-design-developpement-web\/\" \/>\n<meta property=\"og:locale\" content=\"fr_FR\" \/>\n<meta property=\"og:type\" content=\"article\" \/>\n<meta property=\"og:title\" content=\"R\u00e9alisations - Publibox\" \/>\n<meta property=\"og:description\" content=\"D\u00e9couvrez les derni\u00e8res tendances en design et d\u00e9veloppement web avec notre agence experte. Parcourez nos r\u00e9alisations dans divers secteurs pour des sites web optimis\u00e9s pour les moteurs de recherche et attirant un trafic qualifi\u00e9. Obtenez une approche personnalis\u00e9e et une qualit\u00e9 exceptionnelle pour la cr\u00e9ation de votre site internet.\" \/>\n<meta property=\"og:url\" content=\"https:\/\/www.publibox.fr\/index.php\/realisations-tendances-design-developpement-web\/\" \/>\n<meta property=\"og:site_name\" content=\"Publibox\" \/>\n<meta property=\"article:modified_time\" content=\"2024-04-01T18:30:23+00:00\" \/>\n<meta property=\"og:image\" content=\"https:\/\/www.publibox.fr\/wp-content\/uploads\/2024\/03\/Screenshot-2024-03-29-at-00-16-33-Bordeaux-Maths-600x331.png\" \/>\n<meta name=\"twitter:card\" content=\"summary_large_image\" \/>\n<meta name=\"twitter:label1\" content=\"Dur\u00e9e de lecture estim\u00e9e\" \/>\n\t<meta name=\"twitter:data1\" content=\"2 minutes\" \/>\n<script type=\"application\/ld+json\" class=\"yoast-schema-graph\">{\"@context\":\"https:\\\/\\\/schema.org\",\"@graph\":[{\"@type\":\"WebPage\",\"@id\":\"https:\\\/\\\/www.publibox.fr\\\/index.php\\\/realisations-tendances-design-developpement-web\\\/\",\"url\":\"https:\\\/\\\/www.publibox.fr\\\/index.php\\\/realisations-tendances-design-developpement-web\\\/\",\"name\":\"R\u00e9alisations - Publibox\",\"isPartOf\":{\"@id\":\"https:\\\/\\\/www.publibox.fr\\\/#website\"},\"primaryImageOfPage\":{\"@id\":\"https:\\\/\\\/www.publibox.fr\\\/index.php\\\/realisations-tendances-design-developpement-web\\\/#primaryimage\"},\"image\":{\"@id\":\"https:\\\/\\\/www.publibox.fr\\\/index.php\\\/realisations-tendances-design-developpement-web\\\/#primaryimage\"},\"thumbnailUrl\":\"https:\\\/\\\/www.publibox.fr\\\/wp-content\\\/uploads\\\/2024\\\/03\\\/Screenshot-2024-03-29-at-00-16-33-Bordeaux-Maths-600x331.png\",\"datePublished\":\"2024-03-28T23:16:36+00:00\",\"dateModified\":\"2024-04-01T18:30:23+00:00\",\"description\":\"D\u00e9couvrez les derni\u00e8res tendances en design et d\u00e9veloppement web avec notre agence experte. Parcourez nos r\u00e9alisations dans divers secteurs pour des sites web optimis\u00e9s pour les moteurs de recherche et attirant un trafic qualifi\u00e9. Obtenez une approche personnalis\u00e9e et une qualit\u00e9 exceptionnelle pour la cr\u00e9ation de votre site internet.\",\"breadcrumb\":{\"@id\":\"https:\\\/\\\/www.publibox.fr\\\/index.php\\\/realisations-tendances-design-developpement-web\\\/#breadcrumb\"},\"inLanguage\":\"fr-FR\",\"potentialAction\":[{\"@type\":\"ReadAction\",\"target\":[\"https:\\\/\\\/www.publibox.fr\\\/index.php\\\/realisations-tendances-design-developpement-web\\\/\"]}]},{\"@type\":\"ImageObject\",\"inLanguage\":\"fr-FR\",\"@id\":\"https:\\\/\\\/www.publibox.fr\\\/index.php\\\/realisations-tendances-design-developpement-web\\\/#primaryimage\",\"url\":\"https:\\\/\\\/i0.wp.com\\\/www.publibox.fr\\\/wp-content\\\/uploads\\\/2024\\\/03\\\/Screenshot-2024-03-29-at-00-16-33-Bordeaux-Maths.png?fit=1585%2C874&ssl=1\",\"contentUrl\":\"https:\\\/\\\/i0.wp.com\\\/www.publibox.fr\\\/wp-content\\\/uploads\\\/2024\\\/03\\\/Screenshot-2024-03-29-at-00-16-33-Bordeaux-Maths.png?fit=1585%2C874&ssl=1\",\"width\":1585,\"height\":874,\"caption\":\"https:\\\/\\\/coursbordeauxmaths.fr\"},{\"@type\":\"BreadcrumbList\",\"@id\":\"https:\\\/\\\/www.publibox.fr\\\/index.php\\\/realisations-tendances-design-developpement-web\\\/#breadcrumb\",\"itemListElement\":[{\"@type\":\"ListItem\",\"position\":1,\"name\":\"Accueil\",\"item\":\"https:\\\/\\\/www.publibox.fr\\\/\"},{\"@type\":\"ListItem\",\"position\":2,\"name\":\"R\u00e9alisations\"}]},{\"@type\":\"WebSite\",\"@id\":\"https:\\\/\\\/www.publibox.fr\\\/#website\",\"url\":\"https:\\\/\\\/www.publibox.fr\\\/\",\"name\":\"Publibox\",\"description\":\"Prestation informatique pour particuliers et PME sur Bordeaux en Gironde\",\"publisher\":{\"@id\":\"https:\\\/\\\/www.publibox.fr\\\/#organization\"},\"alternateName\":\"Publibox\",\"potentialAction\":[{\"@type\":\"SearchAction\",\"target\":{\"@type\":\"EntryPoint\",\"urlTemplate\":\"https:\\\/\\\/www.publibox.fr\\\/?s={search_term_string}\"},\"query-input\":{\"@type\":\"PropertyValueSpecification\",\"valueRequired\":true,\"valueName\":\"search_term_string\"}}],\"inLanguage\":\"fr-FR\"},{\"@type\":\"Organization\",\"@id\":\"https:\\\/\\\/www.publibox.fr\\\/#organization\",\"name\":\"Publibox\",\"url\":\"https:\\\/\\\/www.publibox.fr\\\/\",\"logo\":{\"@type\":\"ImageObject\",\"inLanguage\":\"fr-FR\",\"@id\":\"https:\\\/\\\/www.publibox.fr\\\/#\\\/schema\\\/logo\\\/image\\\/\",\"url\":\"https:\\\/\\\/www.publibox.fr\\\/wp-content\\\/uploads\\\/2024\\\/03\\\/publibox.png\",\"contentUrl\":\"https:\\\/\\\/www.publibox.fr\\\/wp-content\\\/uploads\\\/2024\\\/03\\\/publibox.png\",\"width\":261,\"height\":59,\"caption\":\"Publibox\"},\"image\":{\"@id\":\"https:\\\/\\\/www.publibox.fr\\\/#\\\/schema\\\/logo\\\/image\\\/\"}}]}<\/script>\n<!-- \/ Yoast SEO plugin. -->","yoast_head_json":{"title":"R\u00e9alisations - Publibox","description":"D\u00e9couvrez les derni\u00e8res tendances en design et d\u00e9veloppement web avec notre agence experte. Parcourez nos r\u00e9alisations dans divers secteurs pour des sites web optimis\u00e9s pour les moteurs de recherche et attirant un trafic qualifi\u00e9. Obtenez une approche personnalis\u00e9e et une qualit\u00e9 exceptionnelle pour la cr\u00e9ation de votre site internet.","robots":{"index":"index","follow":"follow","max-snippet":"max-snippet:-1","max-image-preview":"max-image-preview:large","max-video-preview":"max-video-preview:-1"},"canonical":"https:\/\/www.publibox.fr\/index.php\/realisations-tendances-design-developpement-web\/","og_locale":"fr_FR","og_type":"article","og_title":"R\u00e9alisations - Publibox","og_description":"D\u00e9couvrez les derni\u00e8res tendances en design et d\u00e9veloppement web avec notre agence experte. Parcourez nos r\u00e9alisations dans divers secteurs pour des sites web optimis\u00e9s pour les moteurs de recherche et attirant un trafic qualifi\u00e9. Obtenez une approche personnalis\u00e9e et une qualit\u00e9 exceptionnelle pour la cr\u00e9ation de votre site internet.","og_url":"https:\/\/www.publibox.fr\/index.php\/realisations-tendances-design-developpement-web\/","og_site_name":"Publibox","article_modified_time":"2024-04-01T18:30:23+00:00","og_image":[{"url":"https:\/\/www.publibox.fr\/wp-content\/uploads\/2024\/03\/Screenshot-2024-03-29-at-00-16-33-Bordeaux-Maths-600x331.png","type":"","width":"","height":""}],"twitter_card":"summary_large_image","twitter_misc":{"Dur\u00e9e de lecture estim\u00e9e":"2 minutes"},"schema":{"@context":"https:\/\/schema.org","@graph":[{"@type":"WebPage","@id":"https:\/\/www.publibox.fr\/index.php\/realisations-tendances-design-developpement-web\/","url":"https:\/\/www.publibox.fr\/index.php\/realisations-tendances-design-developpement-web\/","name":"R\u00e9alisations - Publibox","isPartOf":{"@id":"https:\/\/www.publibox.fr\/#website"},"primaryImageOfPage":{"@id":"https:\/\/www.publibox.fr\/index.php\/realisations-tendances-design-developpement-web\/#primaryimage"},"image":{"@id":"https:\/\/www.publibox.fr\/index.php\/realisations-tendances-design-developpement-web\/#primaryimage"},"thumbnailUrl":"https:\/\/www.publibox.fr\/wp-content\/uploads\/2024\/03\/Screenshot-2024-03-29-at-00-16-33-Bordeaux-Maths-600x331.png","datePublished":"2024-03-28T23:16:36+00:00","dateModified":"2024-04-01T18:30:23+00:00","description":"D\u00e9couvrez les derni\u00e8res tendances en design et d\u00e9veloppement web avec notre agence experte. Parcourez nos r\u00e9alisations dans divers secteurs pour des sites web optimis\u00e9s pour les moteurs de recherche et attirant un trafic qualifi\u00e9. Obtenez une approche personnalis\u00e9e et une qualit\u00e9 exceptionnelle pour la cr\u00e9ation de votre site internet.","breadcrumb":{"@id":"https:\/\/www.publibox.fr\/index.php\/realisations-tendances-design-developpement-web\/#breadcrumb"},"inLanguage":"fr-FR","potentialAction":[{"@type":"ReadAction","target":["https:\/\/www.publibox.fr\/index.php\/realisations-tendances-design-developpement-web\/"]}]},{"@type":"ImageObject","inLanguage":"fr-FR","@id":"https:\/\/www.publibox.fr\/index.php\/realisations-tendances-design-developpement-web\/#primaryimage","url":"https:\/\/i0.wp.com\/www.publibox.fr\/wp-content\/uploads\/2024\/03\/Screenshot-2024-03-29-at-00-16-33-Bordeaux-Maths.png?fit=1585%2C874&ssl=1","contentUrl":"https:\/\/i0.wp.com\/www.publibox.fr\/wp-content\/uploads\/2024\/03\/Screenshot-2024-03-29-at-00-16-33-Bordeaux-Maths.png?fit=1585%2C874&ssl=1","width":1585,"height":874,"caption":"https:\/\/coursbordeauxmaths.fr"},{"@type":"BreadcrumbList","@id":"https:\/\/www.publibox.fr\/index.php\/realisations-tendances-design-developpement-web\/#breadcrumb","itemListElement":[{"@type":"ListItem","position":1,"name":"Accueil","item":"https:\/\/www.publibox.fr\/"},{"@type":"ListItem","position":2,"name":"R\u00e9alisations"}]},{"@type":"WebSite","@id":"https:\/\/www.publibox.fr\/#website","url":"https:\/\/www.publibox.fr\/","name":"Publibox","description":"Prestation informatique pour particuliers et PME sur Bordeaux en Gironde","publisher":{"@id":"https:\/\/www.publibox.fr\/#organization"},"alternateName":"Publibox","potentialAction":[{"@type":"SearchAction","target":{"@type":"EntryPoint","urlTemplate":"https:\/\/www.publibox.fr\/?s={search_term_string}"},"query-input":{"@type":"PropertyValueSpecification","valueRequired":true,"valueName":"search_term_string"}}],"inLanguage":"fr-FR"},{"@type":"Organization","@id":"https:\/\/www.publibox.fr\/#organization","name":"Publibox","url":"https:\/\/www.publibox.fr\/","logo":{"@type":"ImageObject","inLanguage":"fr-FR","@id":"https:\/\/www.publibox.fr\/#\/schema\/logo\/image\/","url":"https:\/\/www.publibox.fr\/wp-content\/uploads\/2024\/03\/publibox.png","contentUrl":"https:\/\/www.publibox.fr\/wp-content\/uploads\/2024\/03\/publibox.png","width":261,"height":59,"caption":"Publibox"},"image":{"@id":"https:\/\/www.publibox.fr\/#\/schema\/logo\/image\/"}}]}},"jetpack_sharing_enabled":true,"_links":{"self":[{"href":"https:\/\/www.publibox.fr\/index.php\/wp-json\/wp\/v2\/pages\/47","targetHints":{"allow":["GET"]}}],"collection":[{"href":"https:\/\/www.publibox.fr\/index.php\/wp-json\/wp\/v2\/pages"}],"about":[{"href":"https:\/\/www.publibox.fr\/index.php\/wp-json\/wp\/v2\/types\/page"}],"author":[{"embeddable":true,"href":"https:\/\/www.publibox.fr\/index.php\/wp-json\/wp\/v2\/users\/1"}],"replies":[{"embeddable":true,"href":"https:\/\/www.publibox.fr\/index.php\/wp-json\/wp\/v2\/comments?post=47"}],"version-history":[{"count":26,"href":"https:\/\/www.publibox.fr\/index.php\/wp-json\/wp\/v2\/pages\/47\/revisions"}],"predecessor-version":[{"id":303,"href":"https:\/\/www.publibox.fr\/index.php\/wp-json\/wp\/v2\/pages\/47\/revisions\/303"}],"wp:attachment":[{"href":"https:\/\/www.publibox.fr\/index.php\/wp-json\/wp\/v2\/media?parent=47"}],"curies":[{"name":"wp","href":"https:\/\/api.w.org\/{rel}","templated":true}]}}