{"id":39,"date":"2024-03-28T21:20:42","date_gmt":"2024-03-28T20:20:42","guid":{"rendered":"https:\/\/www.publibox.fr\/?page_id=39"},"modified":"2024-03-31T10:39:45","modified_gmt":"2024-03-31T08:39:45","slug":"mentions-legales","status":"publish","type":"page","link":"https:\/\/www.publibox.fr\/index.php\/mentions-legales\/","title":{"rendered":"Mentions l\u00e9gales"},"content":{"rendered":"\n<p>Vous retrouverez ici les mentions l\u00e9gales du site.<\/p>\n\n\n\n<h2 class=\"wp-block-heading\"><strong>1. Pr\u00e9sentation du site.<\/strong><\/h2>\n\n\n\n<p class=\"has-text-align-justify\">En vertu de l\u2019article 6 de la loi n\u00b0 2004-575 du 21 juin 2004 pour la confiance dans l\u2019\u00e9conomie num\u00e9rique, il est pr\u00e9cis\u00e9 aux utilisateurs du site <a href=\"https:\/\/www.publibox.fr\/\">https:\/\/www.publibox.fr<\/a> l\u2019identit\u00e9 des diff\u00e9rents intervenants dans le cadre de sa r\u00e9alisation et de son suivi :<\/p>\n\n\n\n<p><strong>Propri\u00e9taire<\/strong> : J\u00e9r\u00e9my HERNANDEZ<br><strong>Cr\u00e9ateur<\/strong> : J\u00e9r\u00e9my Hernandez, <a href=\"https:\/\/repertoire.iesf.fr\/#profile\/f4726fc09acd1f6a9ed60007df85fc2e\" target=\"_blank\" rel=\"noreferrer noopener\">Ing\u00e9nieur Dipl\u00f4m\u00e9 ENSEIRB-MATMECA 2009 N\u00b0IESF 545432<\/a><br><strong>SIRET<\/strong> : 848 061 891 00018<br><strong>NOM<\/strong> : @Publibox<br><strong>Responsable publication<\/strong> : J\u00e9r\u00e9my Hernandez \u2013 contact@publibox.fr<br><strong>Webmaster<\/strong> : J\u00e9r\u00e9my Hernandez \u2013 contact@publibox.fr<br><strong>H\u00e9bergeur<\/strong> : OVH \u2013 Si\u00e8ge social : 2 rue Kellermann \u2013 59100 Roubaix \u2013 France<br><strong>Nom de domaine<\/strong> : OVH \u2013 Si\u00e8ge social : 2 rue Kellermann \u2013 59100 Roubaix \u2013 France<br><strong>Cr\u00e9dits<\/strong> : J\u00e9r\u00e9my Hernandez<\/p>\n\n\n\n<h2 class=\"wp-block-heading\"><strong>2. Conditions g\u00e9n\u00e9rales d\u2019utilisation du site et des services propos\u00e9s.<\/strong><\/h2>\n\n\n\n<p class=\"has-text-align-justify\">En utilisant le site <a href=\"https:\/\/www.publibox.fr\">https:\/\/www.publibox.fr<\/a>, vous acceptez pleinement et enti\u00e8rement les conditions g\u00e9n\u00e9rales d\u2019utilisation suivantes. Ces conditions peuvent \u00eatre modifi\u00e9es ou compl\u00e9t\u00e9es \u00e0 tout moment, et il est recommand\u00e9 de les consulter r\u00e9guli\u00e8rement.<\/p>\n\n\n\n<p class=\"has-text-align-justify\">Le site est g\u00e9n\u00e9ralement accessible en permanence. Cependant, J\u00e9r\u00e9my Hernandez se r\u00e9serve le droit d&rsquo;interrompre temporairement l&rsquo;acc\u00e8s pour des raisons de maintenance technique, avec pr\u00e9avis des dates et heures d&rsquo;intervention.<\/p>\n\n\n\n<p class=\"has-text-align-justify\">Le site est r\u00e9guli\u00e8rement mis \u00e0 jour par J\u00e9r\u00e9my Hernandez. Les mentions l\u00e9gales peuvent \u00e9galement \u00eatre modifi\u00e9es \u00e0 tout moment ; cependant, elles s&rsquo;appliquent toujours \u00e0 l&rsquo;utilisateur, qui est encourag\u00e9 \u00e0 les consulter fr\u00e9quemment.<\/p>\n\n\n\n<h2 class=\"wp-block-heading\"><strong>3. Description des services fournis.<\/strong><\/h2>\n\n\n\n<p class=\"has-text-align-justify\">Le site <a href=\"https:\/\/www.publibox.fr\">https:\/\/www.publibox.fr<\/a> a pour objet de fournir une information concernant l\u2019ensemble des activit\u00e9s de la soci\u00e9t\u00e9.<\/p>\n\n\n\n<p class=\"has-text-align-justify\">J\u00e9r\u00e9my Hernandez s\u2019efforce de fournir sur le site <a href=\"https:\/\/www.publibox.fr\">https:\/\/www.publibox.fr<\/a> des informations aussi pr\u00e9cises que possible. Toutefois, il ne pourra \u00eatre tenu responsable des omissions, des inexactitudes et des carences dans la mise \u00e0 jour, qu\u2019elles soient de son fait ou du fait des tiers partenaires qui lui fournissent ces informations.<\/p>\n\n\n\n<p class=\"has-text-align-justify\">Tous les informations indiqu\u00e9es sur le site <a href=\"https:\/\/www.publibox.fr\">https:\/\/www.publibox.fr<\/a> sont donn\u00e9es \u00e0 titre indicatif, et sont susceptibles d\u2019\u00e9voluer. Par ailleurs, les renseignements figurant sur le site <a href=\"https:\/\/www.publibox.fr\">https:\/\/www.publibox.fr<\/a> ne sont pas exhaustifs. Ils sont donn\u00e9s sous r\u00e9serve de modifications ayant \u00e9t\u00e9 apport\u00e9es depuis leur mise en ligne.<\/p>\n\n\n\n<h2 class=\"wp-block-heading\"><strong>4. Limitations contractuelles sur les donn\u00e9es techniques.<\/strong><\/h2>\n\n\n\n<p>Le site utilise la technologie JavaScript.<\/p>\n\n\n\n<p class=\"has-text-align-justify\">Le site Internet ne pourra \u00eatre tenu responsable de dommages mat\u00e9riels li\u00e9s \u00e0 l\u2019utilisation du site. De plus, l\u2019utilisateur du site s\u2019engage \u00e0 acc\u00e9der au site en utilisant un mat\u00e9riel r\u00e9cent, ne contenant pas de virus et avec un navigateur de derni\u00e8re g\u00e9n\u00e9ration mis-\u00e0-jour.<\/p>\n\n\n\n<p>Le site peut faire appara\u00eetre des publicit\u00e9s de l\u2019h\u00e9bergeur.<\/p>\n\n\n\n<h2 class=\"wp-block-heading\"><strong>5. Propri\u00e9t\u00e9 intellectuelle et contrefa\u00e7ons.<\/strong><\/h2>\n\n\n\n<p class=\"has-text-align-justify\">J\u00e9r\u00e9my Hernandez est propri\u00e9taire exclusif des droits de propri\u00e9t\u00e9 intellectuelle ou d\u00e9tient les droits d\u2019usage sur tous les \u00e9l\u00e9ments accessibles sur le site, notamment les textes, images, graphismes, logo, ic\u00f4nes, sons, logiciels.<\/p>\n\n\n\n<p class=\"has-text-align-justify\">Certaines images proviennent du site pixabay.com et sont mises \u00e0 disposition gratuitement par leurs auteurs respectifs.<\/p>\n\n\n\n<p class=\"has-text-align-justify\">Toute reproduction, repr\u00e9sentation, modification, publication, adaptation de tout ou partie des \u00e9l\u00e9ments du site, quel que soit le moyen ou le proc\u00e9d\u00e9 utilis\u00e9, est interdite, sauf autorisation \u00e9crite pr\u00e9alable de : J\u00e9r\u00e9my Hernandez.<\/p>\n\n\n\n<p class=\"has-text-align-justify\">Toute exploitation non autoris\u00e9e du site ou de l\u2019un quelconque des \u00e9l\u00e9ments qu\u2019il contient sera consid\u00e9r\u00e9e comme constitutive d\u2019une contrefa\u00e7on et poursuivie conform\u00e9ment aux dispositions des articles L.335-2 et suivants du Code de Propri\u00e9t\u00e9 Intellectuelle.<\/p>\n\n\n\n<p class=\"has-text-align-justify\">Certains fichiers et autres documents graphiques sont disponibles selon les termes de la licence <a href=\"https:\/\/en.wikipedia.org\/wiki\/fr:Creative_Commons\">Creative Commons<\/a>&nbsp;<a href=\"https:\/\/creativecommons.org\/licenses\/by-sa\/3.0\/deed.fr\">Attribution \u2013 Partage dans les M\u00eames Conditions 3.0 (non transpos\u00e9e)<\/a>.<\/p>\n\n\n\n<p class=\"has-text-align-justify\">Toutes les autres marques d\u00e9pos\u00e9es, les marques de service, les noms et les logos sont la propri\u00e9t\u00e9 de leurs propri\u00e9taires respectifs.<\/p>\n\n\n\n<h2 class=\"wp-block-heading\"><strong>6. Limitations de responsabilit\u00e9.<\/strong><\/h2>\n\n\n\n<p class=\"has-text-align-justify\">J\u00e9r\u00e9my Hernandez ne pourra \u00eatre tenu responsable des dommages directs et indirects caus\u00e9s au mat\u00e9riel de l\u2019utilisateur, lors de l\u2019acc\u00e8s au site <a href=\"https:\/\/www.publibox.fr\">https:\/\/www.publibox.fr<\/a>, et r\u00e9sultant soit de l\u2019utilisation d\u2019un mat\u00e9riel ne r\u00e9pondant pas aux sp\u00e9cifications indiqu\u00e9es au point 4, soit de l\u2019apparition d\u2019un bug ou d\u2019une incompatibilit\u00e9.<\/p>\n\n\n\n<p class=\"has-text-align-justify\">J\u00e9r\u00e9my Hernandez ne pourra \u00e9galement \u00eatre tenu responsable des dommages indirects (tels par exemple qu\u2019une perte de march\u00e9 ou perte d\u2019une chance) cons\u00e9cutifs \u00e0 l\u2019utilisation du site <a href=\"https:\/\/www.publibox.fr\">https:\/\/www.publibox.fr<\/a>.<\/p>\n\n\n\n<p class=\"has-text-align-justify\">Des espaces interactifs (possibilit\u00e9 de poser des questions dans l\u2019espace contact) sont \u00e0 la disposition des utilisateurs. J\u00e9r\u00e9my Hernandez se r\u00e9serve le droit de supprimer, sans mise en demeure pr\u00e9alable, tout contenu d\u00e9pos\u00e9 dans cet espace qui contreviendrait \u00e0 la l\u00e9gislation applicable en France, en particulier aux dispositions relatives \u00e0 la protection des donn\u00e9es. Le cas \u00e9ch\u00e9ant, J\u00e9r\u00e9my Hernandez se r\u00e9serve \u00e9galement la possibilit\u00e9 de mettre en cause la responsabilit\u00e9 civile et\/ou p\u00e9nale de l\u2019utilisateur, notamment en cas de message \u00e0 caract\u00e8re raciste, injurieux, diffamant, ou pornographique, quel que soit le support utilis\u00e9 (texte, photographie\u2026).<\/p>\n\n\n\n<h2 class=\"wp-block-heading\"><strong>7. Gestion des donn\u00e9es personnelles.<\/strong><\/h2>\n\n\n\n<p class=\"has-text-align-justify\">En France, les donn\u00e9es personnelles sont notamment prot\u00e9g\u00e9es par la loi n\u00b0 78-87 du 6 janvier 1978, la loi n\u00b0 2004-801 du 6 ao\u00fbt 2004, l\u2019article L. 226-13 du Code p\u00e9nal et la Directive Europ\u00e9enne du 24 octobre 1995.<\/p>\n\n\n\n<p class=\"has-text-align-justify\">A l\u2019occasion de l\u2019utilisation du site <a href=\"https:\/\/www.publibox.fr\">https:\/\/www.publibox.fr<\/a>, peuvent \u00eatres recueillies : l\u2019URL des liens par l\u2019interm\u00e9diaire desquels l\u2019utilisateur a acc\u00e9d\u00e9 au site <a href=\"https:\/\/www.publibox.fr\">https:\/\/www.publibox.fr<\/a>, le fournisseur d\u2019acc\u00e8s de l\u2019utilisateur, \u00e9ventuellement l\u2019adresse de protocole Internet (IP) de l\u2019utilisateur.<\/p>\n\n\n\n<p class=\"has-text-align-justify\">En tout \u00e9tat de cause J\u00e9r\u00e9my Hernandez ne collecte des informations personnelles relatives \u00e0 l\u2019utilisateur que pour le besoin de certains services propos\u00e9s par le site <a href=\"https:\/\/www.publibox.fr\">https:\/\/www.publibox.fr<\/a>. L\u2019utilisateur fournit ces informations en toute connaissance de cause, notamment lorsque l\u2019utilisateur proc\u00e8de par lui-m\u00eame \u00e0 leur saisie. Il est alors pr\u00e9cis\u00e9 \u00e0 l\u2019utilisateur du site <a href=\"https:\/\/www.publibox.fr\">https:\/\/www.publibox.fr<\/a> l\u2019obligation ou non de fournir ces informations.<\/p>\n\n\n\n<p class=\"has-text-align-justify\">Conform\u00e9ment aux dispositions des articles 38 et suivants de la loi 78-17 du 6 janvier 1978 relative \u00e0 l\u2019informatique, aux fichiers et aux libert\u00e9s, tout utilisateur dispose d\u2019un droit d\u2019acc\u00e8s, de rectification et d\u2019opposition aux donn\u00e9es personnelles le concernant, en effectuant sa demande \u00e9crite et sign\u00e9e, accompagn\u00e9e d\u2019une copie du titre d\u2019identit\u00e9 avec signature du titulaire de la pi\u00e8ce, en pr\u00e9cisant l\u2019adresse \u00e0 laquelle la r\u00e9ponse doit \u00eatre envoy\u00e9e.<\/p>\n\n\n\n<p class=\"has-text-align-justify\">Aucune information personnelle de l\u2019utilisateur du site <a href=\"https:\/\/www.publibox.fr\">https:\/\/www.publibox.fr<\/a> n\u2019est publi\u00e9e \u00e0 l\u2019insu de l\u2019utilisateur, \u00e9chang\u00e9e, transf\u00e9r\u00e9e, c\u00e9d\u00e9e ou vendue sur un support quelconque \u00e0 des tiers. Seule l\u2019hypoth\u00e8se du rachat de <a href=\"http:\/\/bordeauxmaths.fr\/\">h<\/a>ttps:\/\/www.publibox.fr et de ses droits permettrait la transmission des dites informations \u00e0 l\u2019\u00e9ventuel acqu\u00e9reur qui serait \u00e0 son tour tenu de la m\u00eame obligation de conservation et de modification des donn\u00e9es vis \u00e0 vis de l\u2019utilisateur du site <a href=\"https:\/\/www.publibox.fr\">https:\/\/www.publibox.fr<\/a>.<\/p>\n\n\n\n<p class=\"has-text-align-justify\">Le site n\u2019est pas d\u00e9clar\u00e9 \u00e0 la CNIL car il ne recueille pas d\u2019informations personnelles.<\/p>\n\n\n\n<p class=\"has-text-align-justify\">Les bases de donn\u00e9es sont prot\u00e9g\u00e9es par les dispositions de la loi du 1er juillet 1998 transposant la directive 96\/9 du 11 mars 1996 relative \u00e0 la protection juridique des bases de donn\u00e9es.<\/p>\n\n\n\n<h2 class=\"wp-block-heading\"><strong>8. Liens hypertextes et cookies.<\/strong><\/h2>\n\n\n\n<p class=\"has-text-align-justify\">Le site <a href=\"https:\/\/www.publibox.fr\">https:\/\/www.publibox.fr<\/a> contient un certain nombre de liens hypertextes vers d\u2019autres sites, mis en place avec l\u2019autorisation de J\u00e9r\u00e9my Hernandez. Cependant, J\u00e9r\u00e9my Hernandez n\u2019a pas la possibilit\u00e9 de v\u00e9rifier le contenu des sites ainsi visit\u00e9s, et n\u2019assumera en cons\u00e9quence aucune responsabilit\u00e9 de ce fait.<\/p>\n\n\n\n<p class=\"has-text-align-justify\">La navigation sur le site <a href=\"https:\/\/www.publibox.fr\">https:\/\/www.publibox.fr<\/a> est susceptible de provoquer l\u2019installation de cookie(s) sur l\u2019ordinateur de l\u2019utilisateur. Un cookie est un fichier de petite taille, qui ne permet pas l\u2019identification de l\u2019utilisateur, mais qui enregistre des informations relatives \u00e0 la navigation d\u2019un ordinateur sur un site. Les donn\u00e9es ainsi obtenues visent \u00e0 faciliter la navigation ult\u00e9rieure sur le site, et ont \u00e9galement vocation \u00e0 permettre diverses mesures de fr\u00e9quentation.<\/p>\n\n\n\n<p class=\"has-text-align-justify\">Le refus d\u2019installation d\u2019un cookie peut entra\u00eener l\u2019impossibilit\u00e9 d\u2019acc\u00e9der \u00e0 certains services. L\u2019utilisateur peut toutefois configurer son ordinateur de la mani\u00e8re suivante, pour refuser l\u2019installation des cookies :<\/p>\n\n\n\n<p class=\"has-text-align-justify\">Sous Internet Explorer : onglet outil (pictogramme en forme de rouage en haut a droite) \/ options internet. Cliquez sur Confidentialit\u00e9 et choisissez Bloquer tous les cookies. Validez sur Ok.<\/p>\n\n\n\n<p class=\"has-text-align-justify\">Sous Firefox : en haut de la fen\u00eatre du navigateur, cliquez sur le bouton Firefox, puis aller dans l\u2019onglet Options. Cliquer sur l\u2019onglet Vie priv\u00e9e.<br>Param\u00e9trez les R\u00e8gles de conservation sur : utiliser les param\u00e8tres personnalis\u00e9s pour l\u2019historique. Enfin d\u00e9cochez-la pour d\u00e9sactiver les cookies.<\/p>\n\n\n\n<p class=\"has-text-align-justify\">Sous Safari : Cliquez en haut \u00e0 droite du navigateur sur le pictogramme de menu (symbolis\u00e9 par un rouage). S\u00e9lectionnez Param\u00e8tres. Cliquez sur Afficher les param\u00e8tres avanc\u00e9s. Dans la section \u00ab Confidentialit\u00e9 \u00bb, cliquez sur Param\u00e8tres de contenu. Dans la section \u00ab Cookies \u00bb, vous pouvez bloquer les cookies.<\/p>\n\n\n\n<p class=\"has-text-align-justify\">Sous Chrome : Cliquez en haut \u00e0 droite du navigateur sur le pictogramme de menu (symbolis\u00e9 par trois lignes horizontales). S\u00e9lectionnez Param\u00e8tres. Cliquez sur Afficher les param\u00e8tres avanc\u00e9s. Dans la section \u00ab Confidentialit\u00e9 \u00bb, cliquez sur pr\u00e9f\u00e9rences. Dans l\u2019onglet \u00ab Confidentialit\u00e9 \u00bb, vous pouvez bloquer les cookies.<\/p>\n\n\n\n<h2 class=\"wp-block-heading\"><strong>9. Droit applicable et attribution de juridiction.<\/strong><\/h2>\n\n\n\n<p class=\"has-text-align-justify\">Tout litige en relation avec l\u2019utilisation du site <a href=\"https:\/\/www.publibox.fr\">https:\/\/www.publibox.fr<\/a> est soumis au droit fran\u00e7ais. Il est fait attribution exclusive de juridiction aux tribunaux comp\u00e9tents de Bordeaux.<\/p>\n\n\n\n<h2 class=\"wp-block-heading\"><strong>10. Les principales lois concern\u00e9es.<\/strong><\/h2>\n\n\n\n<p class=\"has-text-align-justify\">Loi n\u00b0 78-17 du 6 janvier 1978, notamment modifi\u00e9e par la loi n\u00b0 2004-801 du 6 ao\u00fbt 2004 relative \u00e0 l\u2019informatique, aux fichiers et aux libert\u00e9s.<\/p>\n\n\n\n<p class=\"has-text-align-justify\">Loi n\u00b0 2004-575 du 21 juin 2004 pour la confiance dans l\u2019\u00e9conomie num\u00e9rique.<\/p>\n\n\n\n<h2 class=\"wp-block-heading\"><strong>11. Lexique.<\/strong><\/h2>\n\n\n\n<p class=\"has-text-align-justify\">Utilisateur : Internaute se connectant, utilisant le site susnomm\u00e9.<\/p>\n\n\n\n<p class=\"has-text-align-justify\">Informations personnelles : \u00ab les informations qui permettent, sous quelque forme que ce soit, directement ou non, l\u2019identification des personnes physiques auxquelles elles s\u2019appliquent \u00bb (article 4 de la loi n\u00b0 78-17 du 6 janvier 1978).<\/p>\n","protected":false},"excerpt":{"rendered":"<p>Vous retrouverez ici les mentions l\u00e9gales du site. 1. Pr\u00e9sentation du site. En vertu de l\u2019article 6 de la loi n\u00b0 2004-575 du 21 juin 2004 pour la confiance dans l\u2019\u00e9conomie num\u00e9rique, il est pr\u00e9cis\u00e9 aux utilisateurs du site https:\/\/www.publibox.fr &hellip;<\/p>\n<p class=\"read-more\"> <a class=\"more-link\" href=\"https:\/\/www.publibox.fr\/index.php\/mentions-legales\/\"> <span class=\"screen-reader-text\">Mentions l\u00e9gales<\/span> Read More &raquo;<\/a><\/p>\n","protected":false},"author":1,"featured_media":119,"parent":0,"menu_order":0,"comment_status":"closed","ping_status":"closed","template":"","meta":{"footnotes":""},"class_list":["post-39","page","type-page","status-publish","has-post-thumbnail","hentry"],"yoast_head":"<!-- This site is optimized with the Yoast SEO plugin v27.5 - https:\/\/yoast.com\/product\/yoast-seo-wordpress\/ -->\n<title>Mentions l\u00e9gales - Publibox<\/title>\n<meta name=\"description\" content=\"Cette page regroupe les mentions l\u00e9gales de l&#039;entreprise Publibox afin de s\u00e9curiser l&#039;internaute dans la partie navigation.\" \/>\n<meta name=\"robots\" content=\"index, follow, max-snippet:-1, max-image-preview:large, max-video-preview:-1\" \/>\n<link rel=\"canonical\" href=\"https:\/\/www.publibox.fr\/index.php\/mentions-legales\/\" \/>\n<meta property=\"og:locale\" content=\"fr_FR\" \/>\n<meta property=\"og:type\" content=\"article\" \/>\n<meta property=\"og:title\" content=\"Mentions l\u00e9gales - Publibox\" \/>\n<meta property=\"og:description\" content=\"Cette page regroupe les mentions l\u00e9gales de l&#039;entreprise Publibox afin de s\u00e9curiser l&#039;internaute dans la partie navigation.\" \/>\n<meta property=\"og:url\" content=\"https:\/\/www.publibox.fr\/index.php\/mentions-legales\/\" \/>\n<meta property=\"og:site_name\" content=\"Publibox\" \/>\n<meta property=\"article:modified_time\" content=\"2024-03-31T08:39:45+00:00\" \/>\n<meta property=\"og:image\" content=\"https:\/\/www.publibox.fr\/wp-content\/uploads\/2024\/03\/gavel-2492011_640.jpg\" \/>\n\t<meta property=\"og:image:width\" content=\"640\" \/>\n\t<meta property=\"og:image:height\" content=\"356\" \/>\n\t<meta property=\"og:image:type\" content=\"image\/jpeg\" \/>\n<meta name=\"twitter:card\" content=\"summary_large_image\" \/>\n<meta name=\"twitter:label1\" content=\"Dur\u00e9e de lecture estim\u00e9e\" \/>\n\t<meta name=\"twitter:data1\" content=\"8 minutes\" \/>\n<script type=\"application\/ld+json\" class=\"yoast-schema-graph\">{\"@context\":\"https:\\\/\\\/schema.org\",\"@graph\":[{\"@type\":[\"WebPage\",\"CollectionPage\"],\"@id\":\"https:\\\/\\\/www.publibox.fr\\\/index.php\\\/mentions-legales\\\/\",\"url\":\"https:\\\/\\\/www.publibox.fr\\\/index.php\\\/mentions-legales\\\/\",\"name\":\"Mentions l\u00e9gales - Publibox\",\"isPartOf\":{\"@id\":\"https:\\\/\\\/www.publibox.fr\\\/#website\"},\"primaryImageOfPage\":{\"@id\":\"https:\\\/\\\/www.publibox.fr\\\/index.php\\\/mentions-legales\\\/#primaryimage\"},\"image\":{\"@id\":\"https:\\\/\\\/www.publibox.fr\\\/index.php\\\/mentions-legales\\\/#primaryimage\"},\"thumbnailUrl\":\"https:\\\/\\\/i0.wp.com\\\/www.publibox.fr\\\/wp-content\\\/uploads\\\/2024\\\/03\\\/gavel-2492011_640.jpg?fit=640%2C356&ssl=1\",\"datePublished\":\"2024-03-28T20:20:42+00:00\",\"dateModified\":\"2024-03-31T08:39:45+00:00\",\"description\":\"Cette page regroupe les mentions l\u00e9gales de l'entreprise Publibox afin de s\u00e9curiser l'internaute dans la partie navigation.\",\"breadcrumb\":{\"@id\":\"https:\\\/\\\/www.publibox.fr\\\/index.php\\\/mentions-legales\\\/#breadcrumb\"},\"inLanguage\":\"fr-FR\"},{\"@type\":\"ImageObject\",\"inLanguage\":\"fr-FR\",\"@id\":\"https:\\\/\\\/www.publibox.fr\\\/index.php\\\/mentions-legales\\\/#primaryimage\",\"url\":\"https:\\\/\\\/i0.wp.com\\\/www.publibox.fr\\\/wp-content\\\/uploads\\\/2024\\\/03\\\/gavel-2492011_640.jpg?fit=640%2C356&ssl=1\",\"contentUrl\":\"https:\\\/\\\/i0.wp.com\\\/www.publibox.fr\\\/wp-content\\\/uploads\\\/2024\\\/03\\\/gavel-2492011_640.jpg?fit=640%2C356&ssl=1\",\"width\":640,\"height\":356,\"caption\":\"Mentions l\u00e9gales\"},{\"@type\":\"BreadcrumbList\",\"@id\":\"https:\\\/\\\/www.publibox.fr\\\/index.php\\\/mentions-legales\\\/#breadcrumb\",\"itemListElement\":[{\"@type\":\"ListItem\",\"position\":1,\"name\":\"Accueil\",\"item\":\"https:\\\/\\\/www.publibox.fr\\\/\"},{\"@type\":\"ListItem\",\"position\":2,\"name\":\"Mentions l\u00e9gales\"}]},{\"@type\":\"WebSite\",\"@id\":\"https:\\\/\\\/www.publibox.fr\\\/#website\",\"url\":\"https:\\\/\\\/www.publibox.fr\\\/\",\"name\":\"Publibox\",\"description\":\"Prestation informatique pour particuliers et PME sur Bordeaux en Gironde\",\"publisher\":{\"@id\":\"https:\\\/\\\/www.publibox.fr\\\/#organization\"},\"alternateName\":\"Publibox\",\"potentialAction\":[{\"@type\":\"SearchAction\",\"target\":{\"@type\":\"EntryPoint\",\"urlTemplate\":\"https:\\\/\\\/www.publibox.fr\\\/?s={search_term_string}\"},\"query-input\":{\"@type\":\"PropertyValueSpecification\",\"valueRequired\":true,\"valueName\":\"search_term_string\"}}],\"inLanguage\":\"fr-FR\"},{\"@type\":\"Organization\",\"@id\":\"https:\\\/\\\/www.publibox.fr\\\/#organization\",\"name\":\"Publibox\",\"url\":\"https:\\\/\\\/www.publibox.fr\\\/\",\"logo\":{\"@type\":\"ImageObject\",\"inLanguage\":\"fr-FR\",\"@id\":\"https:\\\/\\\/www.publibox.fr\\\/#\\\/schema\\\/logo\\\/image\\\/\",\"url\":\"https:\\\/\\\/www.publibox.fr\\\/wp-content\\\/uploads\\\/2024\\\/03\\\/publibox.png\",\"contentUrl\":\"https:\\\/\\\/www.publibox.fr\\\/wp-content\\\/uploads\\\/2024\\\/03\\\/publibox.png\",\"width\":261,\"height\":59,\"caption\":\"Publibox\"},\"image\":{\"@id\":\"https:\\\/\\\/www.publibox.fr\\\/#\\\/schema\\\/logo\\\/image\\\/\"}}]}<\/script>\n<!-- \/ Yoast SEO plugin. -->","yoast_head_json":{"title":"Mentions l\u00e9gales - Publibox","description":"Cette page regroupe les mentions l\u00e9gales de l'entreprise Publibox afin de s\u00e9curiser l'internaute dans la partie navigation.","robots":{"index":"index","follow":"follow","max-snippet":"max-snippet:-1","max-image-preview":"max-image-preview:large","max-video-preview":"max-video-preview:-1"},"canonical":"https:\/\/www.publibox.fr\/index.php\/mentions-legales\/","og_locale":"fr_FR","og_type":"article","og_title":"Mentions l\u00e9gales - Publibox","og_description":"Cette page regroupe les mentions l\u00e9gales de l'entreprise Publibox afin de s\u00e9curiser l'internaute dans la partie navigation.","og_url":"https:\/\/www.publibox.fr\/index.php\/mentions-legales\/","og_site_name":"Publibox","article_modified_time":"2024-03-31T08:39:45+00:00","og_image":[{"width":640,"height":356,"url":"https:\/\/www.publibox.fr\/wp-content\/uploads\/2024\/03\/gavel-2492011_640.jpg","type":"image\/jpeg"}],"twitter_card":"summary_large_image","twitter_misc":{"Dur\u00e9e de lecture estim\u00e9e":"8 minutes"},"schema":{"@context":"https:\/\/schema.org","@graph":[{"@type":["WebPage","CollectionPage"],"@id":"https:\/\/www.publibox.fr\/index.php\/mentions-legales\/","url":"https:\/\/www.publibox.fr\/index.php\/mentions-legales\/","name":"Mentions l\u00e9gales - Publibox","isPartOf":{"@id":"https:\/\/www.publibox.fr\/#website"},"primaryImageOfPage":{"@id":"https:\/\/www.publibox.fr\/index.php\/mentions-legales\/#primaryimage"},"image":{"@id":"https:\/\/www.publibox.fr\/index.php\/mentions-legales\/#primaryimage"},"thumbnailUrl":"https:\/\/i0.wp.com\/www.publibox.fr\/wp-content\/uploads\/2024\/03\/gavel-2492011_640.jpg?fit=640%2C356&ssl=1","datePublished":"2024-03-28T20:20:42+00:00","dateModified":"2024-03-31T08:39:45+00:00","description":"Cette page regroupe les mentions l\u00e9gales de l'entreprise Publibox afin de s\u00e9curiser l'internaute dans la partie navigation.","breadcrumb":{"@id":"https:\/\/www.publibox.fr\/index.php\/mentions-legales\/#breadcrumb"},"inLanguage":"fr-FR"},{"@type":"ImageObject","inLanguage":"fr-FR","@id":"https:\/\/www.publibox.fr\/index.php\/mentions-legales\/#primaryimage","url":"https:\/\/i0.wp.com\/www.publibox.fr\/wp-content\/uploads\/2024\/03\/gavel-2492011_640.jpg?fit=640%2C356&ssl=1","contentUrl":"https:\/\/i0.wp.com\/www.publibox.fr\/wp-content\/uploads\/2024\/03\/gavel-2492011_640.jpg?fit=640%2C356&ssl=1","width":640,"height":356,"caption":"Mentions l\u00e9gales"},{"@type":"BreadcrumbList","@id":"https:\/\/www.publibox.fr\/index.php\/mentions-legales\/#breadcrumb","itemListElement":[{"@type":"ListItem","position":1,"name":"Accueil","item":"https:\/\/www.publibox.fr\/"},{"@type":"ListItem","position":2,"name":"Mentions l\u00e9gales"}]},{"@type":"WebSite","@id":"https:\/\/www.publibox.fr\/#website","url":"https:\/\/www.publibox.fr\/","name":"Publibox","description":"Prestation informatique pour particuliers et PME sur Bordeaux en Gironde","publisher":{"@id":"https:\/\/www.publibox.fr\/#organization"},"alternateName":"Publibox","potentialAction":[{"@type":"SearchAction","target":{"@type":"EntryPoint","urlTemplate":"https:\/\/www.publibox.fr\/?s={search_term_string}"},"query-input":{"@type":"PropertyValueSpecification","valueRequired":true,"valueName":"search_term_string"}}],"inLanguage":"fr-FR"},{"@type":"Organization","@id":"https:\/\/www.publibox.fr\/#organization","name":"Publibox","url":"https:\/\/www.publibox.fr\/","logo":{"@type":"ImageObject","inLanguage":"fr-FR","@id":"https:\/\/www.publibox.fr\/#\/schema\/logo\/image\/","url":"https:\/\/www.publibox.fr\/wp-content\/uploads\/2024\/03\/publibox.png","contentUrl":"https:\/\/www.publibox.fr\/wp-content\/uploads\/2024\/03\/publibox.png","width":261,"height":59,"caption":"Publibox"},"image":{"@id":"https:\/\/www.publibox.fr\/#\/schema\/logo\/image\/"}}]}},"jetpack_sharing_enabled":true,"_links":{"self":[{"href":"https:\/\/www.publibox.fr\/index.php\/wp-json\/wp\/v2\/pages\/39","targetHints":{"allow":["GET"]}}],"collection":[{"href":"https:\/\/www.publibox.fr\/index.php\/wp-json\/wp\/v2\/pages"}],"about":[{"href":"https:\/\/www.publibox.fr\/index.php\/wp-json\/wp\/v2\/types\/page"}],"author":[{"embeddable":true,"href":"https:\/\/www.publibox.fr\/index.php\/wp-json\/wp\/v2\/users\/1"}],"replies":[{"embeddable":true,"href":"https:\/\/www.publibox.fr\/index.php\/wp-json\/wp\/v2\/comments?post=39"}],"version-history":[{"count":4,"href":"https:\/\/www.publibox.fr\/index.php\/wp-json\/wp\/v2\/pages\/39\/revisions"}],"predecessor-version":[{"id":249,"href":"https:\/\/www.publibox.fr\/index.php\/wp-json\/wp\/v2\/pages\/39\/revisions\/249"}],"wp:featuredmedia":[{"embeddable":true,"href":"https:\/\/www.publibox.fr\/index.php\/wp-json\/wp\/v2\/media\/119"}],"wp:attachment":[{"href":"https:\/\/www.publibox.fr\/index.php\/wp-json\/wp\/v2\/media?parent=39"}],"curies":[{"name":"wp","href":"https:\/\/api.w.org\/{rel}","templated":true}]}}