{"id":29,"date":"2024-03-28T21:57:29","date_gmt":"2024-03-28T19:57:29","guid":{"rendered":"https:\/\/www.publibox.fr\/?page_id=29"},"modified":"2025-12-16T19:10:35","modified_gmt":"2025-12-16T18:10:35","slug":"contact-form-formulaire-telephone","status":"publish","type":"page","link":"https:\/\/www.publibox.fr\/index.php\/contact-form-formulaire-telephone\/","title":{"rendered":"Contact"},"content":{"rendered":"<div class=\"wp-block-jetpack-contact-form is-style-outlined is-layout-flex wp-container-jetpack-contact-form-is-layout-026b38f8 wp-block-jetpack-contact-form-is-layout-flex\"><a href=\"https:\/\/www.publibox.fr\/index.php\/contact-form-formulaire-telephone\/\" target=\"_blank\" rel=\"noopener noreferrer\">Soumettre un formulaire.<\/a><\/div>","protected":false},"excerpt":{"rendered":"","protected":false},"author":1,"featured_media":120,"parent":0,"menu_order":0,"comment_status":"closed","ping_status":"closed","template":"","meta":{"footnotes":""},"class_list":["post-29","page","type-page","status-publish","has-post-thumbnail","hentry"],"yoast_head":"<!-- This site is optimized with the Yoast SEO plugin v27.3 - https:\/\/yoast.com\/product\/yoast-seo-wordpress\/ -->\n<title>Contact - Publibox<\/title>\n<meta name=\"description\" content=\"Un besoin, vous pouvez nous contacter par l&#039;interm\u00e9diaire de ce formulaire en remplissant tous les champs n\u00e9cessaires. \u00e0 bient\u00f4t !\" \/>\n<meta name=\"robots\" content=\"index, follow, max-snippet:-1, max-image-preview:large, max-video-preview:-1\" \/>\n<link rel=\"canonical\" href=\"https:\/\/www.publibox.fr\/index.php\/contact-form-formulaire-telephone\/\" \/>\n<meta property=\"og:locale\" content=\"fr_FR\" \/>\n<meta property=\"og:type\" content=\"article\" \/>\n<meta property=\"og:title\" content=\"Contact - Publibox\" \/>\n<meta property=\"og:description\" content=\"Un besoin, vous pouvez nous contacter par l&#039;interm\u00e9diaire de ce formulaire en remplissant tous les champs n\u00e9cessaires. \u00e0 bient\u00f4t !\" \/>\n<meta property=\"og:url\" content=\"https:\/\/www.publibox.fr\/index.php\/contact-form-formulaire-telephone\/\" \/>\n<meta property=\"og:site_name\" content=\"Publibox\" \/>\n<meta property=\"article:modified_time\" content=\"2025-12-16T18:10:35+00:00\" \/>\n<meta property=\"og:image\" content=\"https:\/\/www.publibox.fr\/wp-content\/uploads\/2024\/03\/telephone-612061_640.jpg\" \/>\n\t<meta property=\"og:image:width\" content=\"640\" \/>\n\t<meta property=\"og:image:height\" content=\"453\" \/>\n\t<meta property=\"og:image:type\" content=\"image\/jpeg\" \/>\n<meta name=\"twitter:card\" content=\"summary_large_image\" \/>\n<meta name=\"twitter:label1\" content=\"Dur\u00e9e de lecture estim\u00e9e\" \/>\n\t<meta name=\"twitter:data1\" content=\"1 minute\" \/>\n<script type=\"application\/ld+json\" class=\"yoast-schema-graph\">{\"@context\":\"https:\\\/\\\/schema.org\",\"@graph\":[{\"@type\":[\"WebPage\",\"ContactPage\"],\"@id\":\"https:\\\/\\\/www.publibox.fr\\\/index.php\\\/contact-form-formulaire-telephone\\\/\",\"url\":\"https:\\\/\\\/www.publibox.fr\\\/index.php\\\/contact-form-formulaire-telephone\\\/\",\"name\":\"Contact - Publibox\",\"isPartOf\":{\"@id\":\"https:\\\/\\\/www.publibox.fr\\\/#website\"},\"primaryImageOfPage\":{\"@id\":\"https:\\\/\\\/www.publibox.fr\\\/index.php\\\/contact-form-formulaire-telephone\\\/#primaryimage\"},\"image\":{\"@id\":\"https:\\\/\\\/www.publibox.fr\\\/index.php\\\/contact-form-formulaire-telephone\\\/#primaryimage\"},\"thumbnailUrl\":\"https:\\\/\\\/i0.wp.com\\\/www.publibox.fr\\\/wp-content\\\/uploads\\\/2024\\\/03\\\/telephone-612061_640.jpg?fit=640%2C453&ssl=1\",\"datePublished\":\"2024-03-28T19:57:29+00:00\",\"dateModified\":\"2025-12-16T18:10:35+00:00\",\"description\":\"Un besoin, vous pouvez nous contacter par l'interm\u00e9diaire de ce formulaire en remplissant tous les champs n\u00e9cessaires. \u00e0 bient\u00f4t !\",\"breadcrumb\":{\"@id\":\"https:\\\/\\\/www.publibox.fr\\\/index.php\\\/contact-form-formulaire-telephone\\\/#breadcrumb\"},\"inLanguage\":\"fr-FR\",\"potentialAction\":[{\"@type\":\"ReadAction\",\"target\":[\"https:\\\/\\\/www.publibox.fr\\\/index.php\\\/contact-form-formulaire-telephone\\\/\"]}]},{\"@type\":\"ImageObject\",\"inLanguage\":\"fr-FR\",\"@id\":\"https:\\\/\\\/www.publibox.fr\\\/index.php\\\/contact-form-formulaire-telephone\\\/#primaryimage\",\"url\":\"https:\\\/\\\/i0.wp.com\\\/www.publibox.fr\\\/wp-content\\\/uploads\\\/2024\\\/03\\\/telephone-612061_640.jpg?fit=640%2C453&ssl=1\",\"contentUrl\":\"https:\\\/\\\/i0.wp.com\\\/www.publibox.fr\\\/wp-content\\\/uploads\\\/2024\\\/03\\\/telephone-612061_640.jpg?fit=640%2C453&ssl=1\",\"width\":640,\"height\":453,\"caption\":\"Contact\"},{\"@type\":\"BreadcrumbList\",\"@id\":\"https:\\\/\\\/www.publibox.fr\\\/index.php\\\/contact-form-formulaire-telephone\\\/#breadcrumb\",\"itemListElement\":[{\"@type\":\"ListItem\",\"position\":1,\"name\":\"Accueil\",\"item\":\"https:\\\/\\\/www.publibox.fr\\\/\"},{\"@type\":\"ListItem\",\"position\":2,\"name\":\"Contact\"}]},{\"@type\":\"WebSite\",\"@id\":\"https:\\\/\\\/www.publibox.fr\\\/#website\",\"url\":\"https:\\\/\\\/www.publibox.fr\\\/\",\"name\":\"Publibox\",\"description\":\"Prestation informatique pour particuliers et PME sur Bordeaux en Gironde\",\"publisher\":{\"@id\":\"https:\\\/\\\/www.publibox.fr\\\/#organization\"},\"alternateName\":\"Publibox\",\"potentialAction\":[{\"@type\":\"SearchAction\",\"target\":{\"@type\":\"EntryPoint\",\"urlTemplate\":\"https:\\\/\\\/www.publibox.fr\\\/?s={search_term_string}\"},\"query-input\":{\"@type\":\"PropertyValueSpecification\",\"valueRequired\":true,\"valueName\":\"search_term_string\"}}],\"inLanguage\":\"fr-FR\"},{\"@type\":\"Organization\",\"@id\":\"https:\\\/\\\/www.publibox.fr\\\/#organization\",\"name\":\"Publibox\",\"url\":\"https:\\\/\\\/www.publibox.fr\\\/\",\"logo\":{\"@type\":\"ImageObject\",\"inLanguage\":\"fr-FR\",\"@id\":\"https:\\\/\\\/www.publibox.fr\\\/#\\\/schema\\\/logo\\\/image\\\/\",\"url\":\"https:\\\/\\\/www.publibox.fr\\\/wp-content\\\/uploads\\\/2024\\\/03\\\/publibox.png\",\"contentUrl\":\"https:\\\/\\\/www.publibox.fr\\\/wp-content\\\/uploads\\\/2024\\\/03\\\/publibox.png\",\"width\":261,\"height\":59,\"caption\":\"Publibox\"},\"image\":{\"@id\":\"https:\\\/\\\/www.publibox.fr\\\/#\\\/schema\\\/logo\\\/image\\\/\"}}]}<\/script>\n<!-- \/ Yoast SEO plugin. -->","yoast_head_json":{"title":"Contact - Publibox","description":"Un besoin, vous pouvez nous contacter par l'interm\u00e9diaire de ce formulaire en remplissant tous les champs n\u00e9cessaires. \u00e0 bient\u00f4t !","robots":{"index":"index","follow":"follow","max-snippet":"max-snippet:-1","max-image-preview":"max-image-preview:large","max-video-preview":"max-video-preview:-1"},"canonical":"https:\/\/www.publibox.fr\/index.php\/contact-form-formulaire-telephone\/","og_locale":"fr_FR","og_type":"article","og_title":"Contact - Publibox","og_description":"Un besoin, vous pouvez nous contacter par l'interm\u00e9diaire de ce formulaire en remplissant tous les champs n\u00e9cessaires. \u00e0 bient\u00f4t !","og_url":"https:\/\/www.publibox.fr\/index.php\/contact-form-formulaire-telephone\/","og_site_name":"Publibox","article_modified_time":"2025-12-16T18:10:35+00:00","og_image":[{"width":640,"height":453,"url":"https:\/\/www.publibox.fr\/wp-content\/uploads\/2024\/03\/telephone-612061_640.jpg","type":"image\/jpeg"}],"twitter_card":"summary_large_image","twitter_misc":{"Dur\u00e9e de lecture estim\u00e9e":"1 minute"},"schema":{"@context":"https:\/\/schema.org","@graph":[{"@type":["WebPage","ContactPage"],"@id":"https:\/\/www.publibox.fr\/index.php\/contact-form-formulaire-telephone\/","url":"https:\/\/www.publibox.fr\/index.php\/contact-form-formulaire-telephone\/","name":"Contact - Publibox","isPartOf":{"@id":"https:\/\/www.publibox.fr\/#website"},"primaryImageOfPage":{"@id":"https:\/\/www.publibox.fr\/index.php\/contact-form-formulaire-telephone\/#primaryimage"},"image":{"@id":"https:\/\/www.publibox.fr\/index.php\/contact-form-formulaire-telephone\/#primaryimage"},"thumbnailUrl":"https:\/\/i0.wp.com\/www.publibox.fr\/wp-content\/uploads\/2024\/03\/telephone-612061_640.jpg?fit=640%2C453&ssl=1","datePublished":"2024-03-28T19:57:29+00:00","dateModified":"2025-12-16T18:10:35+00:00","description":"Un besoin, vous pouvez nous contacter par l'interm\u00e9diaire de ce formulaire en remplissant tous les champs n\u00e9cessaires. \u00e0 bient\u00f4t !","breadcrumb":{"@id":"https:\/\/www.publibox.fr\/index.php\/contact-form-formulaire-telephone\/#breadcrumb"},"inLanguage":"fr-FR","potentialAction":[{"@type":"ReadAction","target":["https:\/\/www.publibox.fr\/index.php\/contact-form-formulaire-telephone\/"]}]},{"@type":"ImageObject","inLanguage":"fr-FR","@id":"https:\/\/www.publibox.fr\/index.php\/contact-form-formulaire-telephone\/#primaryimage","url":"https:\/\/i0.wp.com\/www.publibox.fr\/wp-content\/uploads\/2024\/03\/telephone-612061_640.jpg?fit=640%2C453&ssl=1","contentUrl":"https:\/\/i0.wp.com\/www.publibox.fr\/wp-content\/uploads\/2024\/03\/telephone-612061_640.jpg?fit=640%2C453&ssl=1","width":640,"height":453,"caption":"Contact"},{"@type":"BreadcrumbList","@id":"https:\/\/www.publibox.fr\/index.php\/contact-form-formulaire-telephone\/#breadcrumb","itemListElement":[{"@type":"ListItem","position":1,"name":"Accueil","item":"https:\/\/www.publibox.fr\/"},{"@type":"ListItem","position":2,"name":"Contact"}]},{"@type":"WebSite","@id":"https:\/\/www.publibox.fr\/#website","url":"https:\/\/www.publibox.fr\/","name":"Publibox","description":"Prestation informatique pour particuliers et PME sur Bordeaux en Gironde","publisher":{"@id":"https:\/\/www.publibox.fr\/#organization"},"alternateName":"Publibox","potentialAction":[{"@type":"SearchAction","target":{"@type":"EntryPoint","urlTemplate":"https:\/\/www.publibox.fr\/?s={search_term_string}"},"query-input":{"@type":"PropertyValueSpecification","valueRequired":true,"valueName":"search_term_string"}}],"inLanguage":"fr-FR"},{"@type":"Organization","@id":"https:\/\/www.publibox.fr\/#organization","name":"Publibox","url":"https:\/\/www.publibox.fr\/","logo":{"@type":"ImageObject","inLanguage":"fr-FR","@id":"https:\/\/www.publibox.fr\/#\/schema\/logo\/image\/","url":"https:\/\/www.publibox.fr\/wp-content\/uploads\/2024\/03\/publibox.png","contentUrl":"https:\/\/www.publibox.fr\/wp-content\/uploads\/2024\/03\/publibox.png","width":261,"height":59,"caption":"Publibox"},"image":{"@id":"https:\/\/www.publibox.fr\/#\/schema\/logo\/image\/"}}]}},"jetpack_sharing_enabled":true,"_links":{"self":[{"href":"https:\/\/www.publibox.fr\/index.php\/wp-json\/wp\/v2\/pages\/29","targetHints":{"allow":["GET"]}}],"collection":[{"href":"https:\/\/www.publibox.fr\/index.php\/wp-json\/wp\/v2\/pages"}],"about":[{"href":"https:\/\/www.publibox.fr\/index.php\/wp-json\/wp\/v2\/types\/page"}],"author":[{"embeddable":true,"href":"https:\/\/www.publibox.fr\/index.php\/wp-json\/wp\/v2\/users\/1"}],"replies":[{"embeddable":true,"href":"https:\/\/www.publibox.fr\/index.php\/wp-json\/wp\/v2\/comments?post=29"}],"version-history":[{"count":23,"href":"https:\/\/www.publibox.fr\/index.php\/wp-json\/wp\/v2\/pages\/29\/revisions"}],"predecessor-version":[{"id":2020,"href":"https:\/\/www.publibox.fr\/index.php\/wp-json\/wp\/v2\/pages\/29\/revisions\/2020"}],"wp:featuredmedia":[{"embeddable":true,"href":"https:\/\/www.publibox.fr\/index.php\/wp-json\/wp\/v2\/media\/120"}],"wp:attachment":[{"href":"https:\/\/www.publibox.fr\/index.php\/wp-json\/wp\/v2\/media?parent=29"}],"curies":[{"name":"wp","href":"https:\/\/api.w.org\/{rel}","templated":true}]}}